{"id":24,"date":"2021-10-17T14:06:20","date_gmt":"2021-10-17T12:06:20","guid":{"rendered":"https:\/\/suesport.fr\/?page_id=24"},"modified":"2021-12-06T14:03:58","modified_gmt":"2021-12-06T12:03:58","slug":"presentation-de-lassociation","status":"publish","type":"page","link":"https:\/\/suesport.fr\/index.php\/presentation-de-lassociation\/","title":{"rendered":"Pr\u00e9sentation de l&rsquo;association"},"content":{"rendered":"\n<p class=\"has-black-color has-text-color\"><strong>Sorbonne Universit\u00e9 E-sport<\/strong>, l\u2019association d\u2019e-sport de Sorbonne Universit\u00e9, a \u00e9t\u00e9 cr\u00e9\u00e9e en 2021 (association \u00e0 but non-lucratif d\u00e9clar\u00e9e loi de 1901).&nbsp;<\/p>\n\n\n\n<p class=\"has-black-color has-text-color\">L\u2019objectif principal de notre association est de <strong>r\u00e9unir les \u00e9tudiants de l\u2019universit\u00e9 <\/strong>autour d\u2019une passion commune, en <strong>cr\u00e9ant des \u00e9v\u00e9nements ponctuels et\/ou continus d\u2019e-sport.<\/strong><\/p>\n\n\n\n<p class=\"has-black-color has-text-color\">Nous souhaitons <strong>d\u00e9velopper le secteur de l\u2019e-sport au sein de Sorbonne Universit\u00e9.<\/strong> Pour ce faire, nous aimerions <strong>organiser des \u00e9v\u00e9nements e-sport sur les diff\u00e9rents campus (tournois, diffusions de comp\u00e9tition, ligues \u2026)<\/strong> et <strong>pr\u00e9senter des \u00e9quipes e-sports de Sorbonne Universit\u00e9 \u00e0 des comp\u00e9titions semi-amateurs et semi-professionnelles.<\/strong><\/p>\n\n\n\n<p class=\"has-black-color has-text-color\"><strong>Nous cr\u00e9erons en outre du contenu vid\u00e9oludique pour les \u00e9tudiants (Youtube, site web, twitch, \u2026). <\/strong>Nous voulons \u00e9galement initier les \u00e9tudiants aux jeux vid\u00e9os de leur choix, notamment pour ceux qui auraient du mal \u00e0 se lancer seuls !\u00a0<\/p>\n","protected":false},"excerpt":{"rendered":"<p>Sorbonne Universit\u00e9 E-sport, l\u2019association d\u2019e-sport de Sorbonne Universit\u00e9, a \u00e9t\u00e9 cr\u00e9\u00e9e en 2021 (association \u00e0 but non-lucratif d\u00e9clar\u00e9e loi de 1901).&nbsp; L\u2019objectif principal de notre association est de r\u00e9unir les \u00e9tudiants de l\u2019universit\u00e9 autour d\u2019une passion commune, en cr\u00e9ant des \u00e9v\u00e9nements ponctuels et\/ou continus d\u2019e-sport. Nous souhaitons d\u00e9velopper le secteur de l\u2019e-sport au sein de&hellip; <br \/> <a class=\"read-more\" href=\"https:\/\/suesport.fr\/index.php\/presentation-de-lassociation\/\">Read more<\/a><\/p>\n","protected":false},"author":1,"featured_media":0,"parent":0,"menu_order":0,"comment_status":"closed","ping_status":"closed","template":"","meta":{"spay_email":""},"yoast_head":"<!-- This site is optimized with the Yoast SEO plugin v17.7.1 - https:\/\/yoast.com\/wordpress\/plugins\/seo\/ -->\n<title>Pr\u00e9sentation de l&#039;association - SU Esport<\/title>\n<meta name=\"description\" content=\"Sorbonne Universit\u00e9 E-sport, l\u2019association d\u2019e-sport de Sorbonne Universit\u00e9, a \u00e9t\u00e9 cr\u00e9\u00e9e en 2021 (association \u00e0 but non-lucratif d\u00e9clar\u00e9e loi de 1901).\" \/>\n<meta name=\"robots\" content=\"index, follow, max-snippet:-1, max-image-preview:large, max-video-preview:-1\" \/>\n<link rel=\"canonical\" href=\"https:\/\/suesport.fr\/index.php\/presentation-de-lassociation\/\" \/>\n<meta property=\"og:locale\" content=\"fr_FR\" \/>\n<meta property=\"og:type\" content=\"article\" \/>\n<meta property=\"og:title\" content=\"Pr\u00e9sentation de l&#039;association - SU Esport\" \/>\n<meta property=\"og:description\" content=\"Sorbonne Universit\u00e9 E-sport, l\u2019association d\u2019e-sport de Sorbonne Universit\u00e9, a \u00e9t\u00e9 cr\u00e9\u00e9e en 2021 (association \u00e0 but non-lucratif d\u00e9clar\u00e9e loi de 1901).\" \/>\n<meta property=\"og:url\" content=\"https:\/\/suesport.fr\/index.php\/presentation-de-lassociation\/\" \/>\n<meta property=\"og:site_name\" content=\"SU Esport\" \/>\n<meta property=\"article:modified_time\" content=\"2021-12-06T12:03:58+00:00\" \/>\n<meta name=\"twitter:card\" content=\"summary_large_image\" \/>\n<meta name=\"twitter:label1\" content=\"Est. reading time\" \/>\n\t<meta name=\"twitter:data1\" content=\"1 minute\" \/>\n<script type=\"application\/ld+json\" class=\"yoast-schema-graph\">{\"@context\":\"https:\/\/schema.org\",\"@graph\":[{\"@type\":\"WebSite\",\"@id\":\"https:\/\/suesport.fr\/#website\",\"url\":\"https:\/\/suesport.fr\/\",\"name\":\"SU Esport\",\"description\":\"Association Sorbonne Universit\\u00e9 Esport\",\"potentialAction\":[{\"@type\":\"SearchAction\",\"target\":{\"@type\":\"EntryPoint\",\"urlTemplate\":\"https:\/\/suesport.fr\/?s={search_term_string}\"},\"query-input\":\"required name=search_term_string\"}],\"inLanguage\":\"fr-FR\"},{\"@type\":\"WebPage\",\"@id\":\"https:\/\/suesport.fr\/index.php\/presentation-de-lassociation\/#webpage\",\"url\":\"https:\/\/suesport.fr\/index.php\/presentation-de-lassociation\/\",\"name\":\"Pr\\u00e9sentation de l'association - SU Esport\",\"isPartOf\":{\"@id\":\"https:\/\/suesport.fr\/#website\"},\"datePublished\":\"2021-10-17T12:06:20+00:00\",\"dateModified\":\"2021-12-06T12:03:58+00:00\",\"description\":\"Sorbonne Universit\\u00e9 E-sport, l\\u2019association d\\u2019e-sport de Sorbonne Universit\\u00e9, a \\u00e9t\\u00e9 cr\\u00e9\\u00e9e en 2021 (association \\u00e0 but non-lucratif d\\u00e9clar\\u00e9e loi de 1901).\",\"breadcrumb\":{\"@id\":\"https:\/\/suesport.fr\/index.php\/presentation-de-lassociation\/#breadcrumb\"},\"inLanguage\":\"fr-FR\",\"potentialAction\":[{\"@type\":\"ReadAction\",\"target\":[\"https:\/\/suesport.fr\/index.php\/presentation-de-lassociation\/\"]}]},{\"@type\":\"BreadcrumbList\",\"@id\":\"https:\/\/suesport.fr\/index.php\/presentation-de-lassociation\/#breadcrumb\",\"itemListElement\":[{\"@type\":\"ListItem\",\"position\":1,\"name\":\"Home\",\"item\":\"https:\/\/suesport.fr\/\"},{\"@type\":\"ListItem\",\"position\":2,\"name\":\"Pr\\u00e9sentation de l&rsquo;association\"}]}]}<\/script>\n<!-- \/ Yoast SEO plugin. -->","yoast_head_json":{"title":"Pr\u00e9sentation de l'association - SU Esport","description":"Sorbonne Universit\u00e9 E-sport, l\u2019association d\u2019e-sport de Sorbonne Universit\u00e9, a \u00e9t\u00e9 cr\u00e9\u00e9e en 2021 (association \u00e0 but non-lucratif d\u00e9clar\u00e9e loi de 1901).","robots":{"index":"index","follow":"follow","max-snippet":"max-snippet:-1","max-image-preview":"max-image-preview:large","max-video-preview":"max-video-preview:-1"},"canonical":"https:\/\/suesport.fr\/index.php\/presentation-de-lassociation\/","og_locale":"fr_FR","og_type":"article","og_title":"Pr\u00e9sentation de l'association - SU Esport","og_description":"Sorbonne Universit\u00e9 E-sport, l\u2019association d\u2019e-sport de Sorbonne Universit\u00e9, a \u00e9t\u00e9 cr\u00e9\u00e9e en 2021 (association \u00e0 but non-lucratif d\u00e9clar\u00e9e loi de 1901).","og_url":"https:\/\/suesport.fr\/index.php\/presentation-de-lassociation\/","og_site_name":"SU Esport","article_modified_time":"2021-12-06T12:03:58+00:00","twitter_card":"summary_large_image","twitter_misc":{"Est. reading time":"1 minute"},"schema":{"@context":"https:\/\/schema.org","@graph":[{"@type":"WebSite","@id":"https:\/\/suesport.fr\/#website","url":"https:\/\/suesport.fr\/","name":"SU Esport","description":"Association Sorbonne Universit\u00e9 Esport","potentialAction":[{"@type":"SearchAction","target":{"@type":"EntryPoint","urlTemplate":"https:\/\/suesport.fr\/?s={search_term_string}"},"query-input":"required name=search_term_string"}],"inLanguage":"fr-FR"},{"@type":"WebPage","@id":"https:\/\/suesport.fr\/index.php\/presentation-de-lassociation\/#webpage","url":"https:\/\/suesport.fr\/index.php\/presentation-de-lassociation\/","name":"Pr\u00e9sentation de l'association - SU Esport","isPartOf":{"@id":"https:\/\/suesport.fr\/#website"},"datePublished":"2021-10-17T12:06:20+00:00","dateModified":"2021-12-06T12:03:58+00:00","description":"Sorbonne Universit\u00e9 E-sport, l\u2019association d\u2019e-sport de Sorbonne Universit\u00e9, a \u00e9t\u00e9 cr\u00e9\u00e9e en 2021 (association \u00e0 but non-lucratif d\u00e9clar\u00e9e loi de 1901).","breadcrumb":{"@id":"https:\/\/suesport.fr\/index.php\/presentation-de-lassociation\/#breadcrumb"},"inLanguage":"fr-FR","potentialAction":[{"@type":"ReadAction","target":["https:\/\/suesport.fr\/index.php\/presentation-de-lassociation\/"]}]},{"@type":"BreadcrumbList","@id":"https:\/\/suesport.fr\/index.php\/presentation-de-lassociation\/#breadcrumb","itemListElement":[{"@type":"ListItem","position":1,"name":"Home","item":"https:\/\/suesport.fr\/"},{"@type":"ListItem","position":2,"name":"Pr\u00e9sentation de l&rsquo;association"}]}]}},"_links":{"self":[{"href":"https:\/\/suesport.fr\/index.php\/wp-json\/wp\/v2\/pages\/24"}],"collection":[{"href":"https:\/\/suesport.fr\/index.php\/wp-json\/wp\/v2\/pages"}],"about":[{"href":"https:\/\/suesport.fr\/index.php\/wp-json\/wp\/v2\/types\/page"}],"author":[{"embeddable":true,"href":"https:\/\/suesport.fr\/index.php\/wp-json\/wp\/v2\/users\/1"}],"replies":[{"embeddable":true,"href":"https:\/\/suesport.fr\/index.php\/wp-json\/wp\/v2\/comments?post=24"}],"version-history":[{"count":3,"href":"https:\/\/suesport.fr\/index.php\/wp-json\/wp\/v2\/pages\/24\/revisions"}],"predecessor-version":[{"id":223,"href":"https:\/\/suesport.fr\/index.php\/wp-json\/wp\/v2\/pages\/24\/revisions\/223"}],"wp:attachment":[{"href":"https:\/\/suesport.fr\/index.php\/wp-json\/wp\/v2\/media?parent=24"}],"curies":[{"name":"wp","href":"https:\/\/api.w.org\/{rel}","templated":true}]}}