{"id":26,"date":"2021-10-17T14:06:35","date_gmt":"2021-10-17T12:06:35","guid":{"rendered":"https:\/\/suesport.fr\/?page_id=26"},"modified":"2021-12-06T14:00:32","modified_gmt":"2021-12-06T12:00:32","slug":"nous-rejoindre","status":"publish","type":"page","link":"https:\/\/suesport.fr\/index.php\/nous-rejoindre\/","title":{"rendered":"Nous rejoindre"},"content":{"rendered":"\n<p class=\"has-black-color has-text-color\">Vous \u00eates int\u00e9ress\u00e9 pour aider \u00e0 l&rsquo;organisation de l&rsquo;association ? Vous pouvez commencer par prendre connaissance<span class=\"has-inline-color has-vivid-cyan-blue-color\"> <\/span><a href=\"https:\/\/suesport.fr\/index.php\/nos-differents-poles\/\" target=\"_blank\" rel=\"noreferrer noopener\"><span class=\"has-inline-color has-vivid-cyan-blue-color\">des diff\u00e9rents p\u00f4les de l&rsquo;association<\/span><\/a> et rejoindre notre serveur <a href=\"https:\/\/discord.gg\/dsjsg22znR\" target=\"_blank\" rel=\"noreferrer noopener\">Discord<\/a> pour faire savoir votre envie de nous rejoindre !<\/p>\n","protected":false},"excerpt":{"rendered":"<p>Vous \u00eates int\u00e9ress\u00e9 pour aider \u00e0 l&rsquo;organisation de l&rsquo;association ? Vous pouvez commencer par prendre connaissance des diff\u00e9rents p\u00f4les de l&rsquo;association et rejoindre notre serveur Discord pour faire savoir votre envie de nous rejoindre !<\/p>\n","protected":false},"author":1,"featured_media":0,"parent":0,"menu_order":0,"comment_status":"closed","ping_status":"closed","template":"","meta":{"spay_email":""},"yoast_head":"<!-- This site is optimized with the Yoast SEO plugin v17.7.1 - https:\/\/yoast.com\/wordpress\/plugins\/seo\/ -->\n<title>Nous rejoindre - SU Esport<\/title>\n<meta name=\"description\" content=\"Vous \u00eates int\u00e9ress\u00e9 pour aider \u00e0 l&#039;organisation de l&#039;association ? Rejoignez notre discord : https:\/\/discord.gg\/dsjsg22znR\" \/>\n<meta name=\"robots\" content=\"index, follow, max-snippet:-1, max-image-preview:large, max-video-preview:-1\" \/>\n<link rel=\"canonical\" href=\"https:\/\/suesport.fr\/index.php\/nous-rejoindre\/\" \/>\n<meta property=\"og:locale\" content=\"fr_FR\" \/>\n<meta property=\"og:type\" content=\"article\" \/>\n<meta property=\"og:title\" content=\"Nous rejoindre - SU Esport\" \/>\n<meta property=\"og:description\" content=\"Vous \u00eates int\u00e9ress\u00e9 pour aider \u00e0 l&#039;organisation de l&#039;association ? Rejoignez notre discord : https:\/\/discord.gg\/dsjsg22znR\" \/>\n<meta property=\"og:url\" content=\"https:\/\/suesport.fr\/index.php\/nous-rejoindre\/\" \/>\n<meta property=\"og:site_name\" content=\"SU Esport\" \/>\n<meta property=\"article:modified_time\" content=\"2021-12-06T12:00:32+00:00\" \/>\n<meta name=\"twitter:card\" content=\"summary_large_image\" \/>\n<meta name=\"twitter:label1\" content=\"Est. reading time\" \/>\n\t<meta name=\"twitter:data1\" content=\"1 minute\" \/>\n<script type=\"application\/ld+json\" class=\"yoast-schema-graph\">{\"@context\":\"https:\/\/schema.org\",\"@graph\":[{\"@type\":\"WebSite\",\"@id\":\"https:\/\/suesport.fr\/#website\",\"url\":\"https:\/\/suesport.fr\/\",\"name\":\"SU Esport\",\"description\":\"Association Sorbonne Universit\\u00e9 Esport\",\"potentialAction\":[{\"@type\":\"SearchAction\",\"target\":{\"@type\":\"EntryPoint\",\"urlTemplate\":\"https:\/\/suesport.fr\/?s={search_term_string}\"},\"query-input\":\"required name=search_term_string\"}],\"inLanguage\":\"fr-FR\"},{\"@type\":\"WebPage\",\"@id\":\"https:\/\/suesport.fr\/index.php\/nous-rejoindre\/#webpage\",\"url\":\"https:\/\/suesport.fr\/index.php\/nous-rejoindre\/\",\"name\":\"Nous rejoindre - SU Esport\",\"isPartOf\":{\"@id\":\"https:\/\/suesport.fr\/#website\"},\"datePublished\":\"2021-10-17T12:06:35+00:00\",\"dateModified\":\"2021-12-06T12:00:32+00:00\",\"description\":\"Vous \\u00eates int\\u00e9ress\\u00e9 pour aider \\u00e0 l'organisation de l'association ? Rejoignez notre discord : https:\/\/discord.gg\/dsjsg22znR\",\"breadcrumb\":{\"@id\":\"https:\/\/suesport.fr\/index.php\/nous-rejoindre\/#breadcrumb\"},\"inLanguage\":\"fr-FR\",\"potentialAction\":[{\"@type\":\"ReadAction\",\"target\":[\"https:\/\/suesport.fr\/index.php\/nous-rejoindre\/\"]}]},{\"@type\":\"BreadcrumbList\",\"@id\":\"https:\/\/suesport.fr\/index.php\/nous-rejoindre\/#breadcrumb\",\"itemListElement\":[{\"@type\":\"ListItem\",\"position\":1,\"name\":\"Home\",\"item\":\"https:\/\/suesport.fr\/\"},{\"@type\":\"ListItem\",\"position\":2,\"name\":\"Nous rejoindre\"}]}]}<\/script>\n<!-- \/ Yoast SEO plugin. -->","yoast_head_json":{"title":"Nous rejoindre - SU Esport","description":"Vous \u00eates int\u00e9ress\u00e9 pour aider \u00e0 l'organisation de l'association ? Rejoignez notre discord : https:\/\/discord.gg\/dsjsg22znR","robots":{"index":"index","follow":"follow","max-snippet":"max-snippet:-1","max-image-preview":"max-image-preview:large","max-video-preview":"max-video-preview:-1"},"canonical":"https:\/\/suesport.fr\/index.php\/nous-rejoindre\/","og_locale":"fr_FR","og_type":"article","og_title":"Nous rejoindre - SU Esport","og_description":"Vous \u00eates int\u00e9ress\u00e9 pour aider \u00e0 l'organisation de l'association ? Rejoignez notre discord : https:\/\/discord.gg\/dsjsg22znR","og_url":"https:\/\/suesport.fr\/index.php\/nous-rejoindre\/","og_site_name":"SU Esport","article_modified_time":"2021-12-06T12:00:32+00:00","twitter_card":"summary_large_image","twitter_misc":{"Est. reading time":"1 minute"},"schema":{"@context":"https:\/\/schema.org","@graph":[{"@type":"WebSite","@id":"https:\/\/suesport.fr\/#website","url":"https:\/\/suesport.fr\/","name":"SU Esport","description":"Association Sorbonne Universit\u00e9 Esport","potentialAction":[{"@type":"SearchAction","target":{"@type":"EntryPoint","urlTemplate":"https:\/\/suesport.fr\/?s={search_term_string}"},"query-input":"required name=search_term_string"}],"inLanguage":"fr-FR"},{"@type":"WebPage","@id":"https:\/\/suesport.fr\/index.php\/nous-rejoindre\/#webpage","url":"https:\/\/suesport.fr\/index.php\/nous-rejoindre\/","name":"Nous rejoindre - SU Esport","isPartOf":{"@id":"https:\/\/suesport.fr\/#website"},"datePublished":"2021-10-17T12:06:35+00:00","dateModified":"2021-12-06T12:00:32+00:00","description":"Vous \u00eates int\u00e9ress\u00e9 pour aider \u00e0 l'organisation de l'association ? Rejoignez notre discord : https:\/\/discord.gg\/dsjsg22znR","breadcrumb":{"@id":"https:\/\/suesport.fr\/index.php\/nous-rejoindre\/#breadcrumb"},"inLanguage":"fr-FR","potentialAction":[{"@type":"ReadAction","target":["https:\/\/suesport.fr\/index.php\/nous-rejoindre\/"]}]},{"@type":"BreadcrumbList","@id":"https:\/\/suesport.fr\/index.php\/nous-rejoindre\/#breadcrumb","itemListElement":[{"@type":"ListItem","position":1,"name":"Home","item":"https:\/\/suesport.fr\/"},{"@type":"ListItem","position":2,"name":"Nous rejoindre"}]}]}},"_links":{"self":[{"href":"https:\/\/suesport.fr\/index.php\/wp-json\/wp\/v2\/pages\/26"}],"collection":[{"href":"https:\/\/suesport.fr\/index.php\/wp-json\/wp\/v2\/pages"}],"about":[{"href":"https:\/\/suesport.fr\/index.php\/wp-json\/wp\/v2\/types\/page"}],"author":[{"embeddable":true,"href":"https:\/\/suesport.fr\/index.php\/wp-json\/wp\/v2\/users\/1"}],"replies":[{"embeddable":true,"href":"https:\/\/suesport.fr\/index.php\/wp-json\/wp\/v2\/comments?post=26"}],"version-history":[{"count":6,"href":"https:\/\/suesport.fr\/index.php\/wp-json\/wp\/v2\/pages\/26\/revisions"}],"predecessor-version":[{"id":220,"href":"https:\/\/suesport.fr\/index.php\/wp-json\/wp\/v2\/pages\/26\/revisions\/220"}],"wp:attachment":[{"href":"https:\/\/suesport.fr\/index.php\/wp-json\/wp\/v2\/media?parent=26"}],"curies":[{"name":"wp","href":"https:\/\/api.w.org\/{rel}","templated":true}]}}