{"id":36,"date":"2021-10-17T14:08:58","date_gmt":"2021-10-17T12:08:58","guid":{"rendered":"https:\/\/suesport.fr\/?page_id=36"},"modified":"2021-12-06T13:46:41","modified_gmt":"2021-12-06T11:46:41","slug":"adhesion","status":"publish","type":"page","link":"https:\/\/suesport.fr\/index.php\/adhesion\/","title":{"rendered":"Adh\u00e9sion"},"content":{"rendered":"\n<p class=\"has-black-color has-text-color\">Nous proposons un service d&rsquo;adh\u00e9sion annuells de 5 \u20ac vous offrant plusieurs avantages tels que : <\/p>\n\n\n\n<ul class=\"has-black-color has-text-color\"><li>Acc\u00e8s \u00e0 des sessions de coaching<\/li><li>R\u00e9duction pour les inscriptions aux tournois que nous organisons<\/li><li>Participation aux soir\u00e9es sp\u00e9ciales adh\u00e9rents<\/li><li>Et bien d&rsquo;autres avantages \u00e0 venir !<\/li><\/ul>\n\n\n\n<p class=\"has-black-color has-text-color\">Si vous souhaitez vous investir dans la vie de l\u2019association, son fonctionnement et sa gestion, vous pouvez \u00e9galement devenir membre actif. Pour cela, la cotisation s&rsquo;\u00e9l\u00e8ve \u00e0 10 \u20ac seulement mais se fait sur s\u00e9lection. Elle offre les m\u00eames avantages que le r\u00f4le d&rsquo;adh\u00e9rent avec en plus:<\/p>\n\n\n\n<ul class=\"has-black-color has-text-color\"><li>Un acc\u00e8s aux groupes internes (Drives, cat\u00e9gories Discord)<\/li><li>La possibilit\u00e9 d&rsquo;int\u00e9grer un <a href=\"https:\/\/suesport.fr\/index.php\/nos-differents-poles\/\" target=\"_blank\" rel=\"noreferrer noopener\">p\u00f4le<\/a><\/li><li>Et un droit de vote (dans les propositions de projets de l&rsquo;association).<\/li><\/ul>\n","protected":false},"excerpt":{"rendered":"<p>Nous proposons un service d&rsquo;adh\u00e9sion annuells de 5 \u20ac vous offrant plusieurs avantages tels que : Acc\u00e8s \u00e0 des sessions de coaching R\u00e9duction pour les inscriptions aux tournois que nous organisons Participation aux soir\u00e9es sp\u00e9ciales adh\u00e9rents Et bien d&rsquo;autres avantages \u00e0 venir ! Si vous souhaitez vous investir dans la vie de l\u2019association, son fonctionnement&hellip; <br \/> <a class=\"read-more\" href=\"https:\/\/suesport.fr\/index.php\/adhesion\/\">Read more<\/a><\/p>\n","protected":false},"author":1,"featured_media":0,"parent":0,"menu_order":0,"comment_status":"closed","ping_status":"closed","template":"","meta":{"spay_email":""},"yoast_head":"<!-- This site is optimized with the Yoast SEO plugin v17.7.1 - https:\/\/yoast.com\/wordpress\/plugins\/seo\/ -->\n<title>Adh\u00e9sion - SU Esport<\/title>\n<meta name=\"description\" content=\"Nous proposons un service d&#039;adh\u00e9sion annuelles de 5 \u20ac vous offrant plusieurs avantages. Si vous souhaitez vous investir dans la vie de l\u2019association, son fonctionnement et sa gestion, vous pouvez \u00e9galement devenir membre actif.\" \/>\n<meta name=\"robots\" content=\"index, follow, max-snippet:-1, max-image-preview:large, max-video-preview:-1\" \/>\n<link rel=\"canonical\" href=\"https:\/\/suesport.fr\/index.php\/adhesion\/\" \/>\n<meta property=\"og:locale\" content=\"fr_FR\" \/>\n<meta property=\"og:type\" content=\"article\" \/>\n<meta property=\"og:title\" content=\"Adh\u00e9sion - SU Esport\" \/>\n<meta property=\"og:description\" content=\"Nous proposons un service d&#039;adh\u00e9sion annuelles de 5 \u20ac vous offrant plusieurs avantages. Si vous souhaitez vous investir dans la vie de l\u2019association, son fonctionnement et sa gestion, vous pouvez \u00e9galement devenir membre actif.\" \/>\n<meta property=\"og:url\" content=\"https:\/\/suesport.fr\/index.php\/adhesion\/\" \/>\n<meta property=\"og:site_name\" content=\"SU Esport\" \/>\n<meta property=\"article:modified_time\" content=\"2021-12-06T11:46:41+00:00\" \/>\n<meta name=\"twitter:card\" content=\"summary_large_image\" \/>\n<meta name=\"twitter:label1\" content=\"Est. reading time\" \/>\n\t<meta name=\"twitter:data1\" content=\"1 minute\" \/>\n<script type=\"application\/ld+json\" class=\"yoast-schema-graph\">{\"@context\":\"https:\/\/schema.org\",\"@graph\":[{\"@type\":\"WebSite\",\"@id\":\"https:\/\/suesport.fr\/#website\",\"url\":\"https:\/\/suesport.fr\/\",\"name\":\"SU Esport\",\"description\":\"Association Sorbonne Universit\\u00e9 Esport\",\"potentialAction\":[{\"@type\":\"SearchAction\",\"target\":{\"@type\":\"EntryPoint\",\"urlTemplate\":\"https:\/\/suesport.fr\/?s={search_term_string}\"},\"query-input\":\"required name=search_term_string\"}],\"inLanguage\":\"fr-FR\"},{\"@type\":\"WebPage\",\"@id\":\"https:\/\/suesport.fr\/index.php\/adhesion\/#webpage\",\"url\":\"https:\/\/suesport.fr\/index.php\/adhesion\/\",\"name\":\"Adh\\u00e9sion - SU Esport\",\"isPartOf\":{\"@id\":\"https:\/\/suesport.fr\/#website\"},\"datePublished\":\"2021-10-17T12:08:58+00:00\",\"dateModified\":\"2021-12-06T11:46:41+00:00\",\"description\":\"Nous proposons un service d'adh\\u00e9sion annuelles de 5 \\u20ac vous offrant plusieurs avantages. Si vous souhaitez vous investir dans la vie de l\\u2019association, son fonctionnement et sa gestion, vous pouvez \\u00e9galement devenir membre actif.\",\"breadcrumb\":{\"@id\":\"https:\/\/suesport.fr\/index.php\/adhesion\/#breadcrumb\"},\"inLanguage\":\"fr-FR\",\"potentialAction\":[{\"@type\":\"ReadAction\",\"target\":[\"https:\/\/suesport.fr\/index.php\/adhesion\/\"]}]},{\"@type\":\"BreadcrumbList\",\"@id\":\"https:\/\/suesport.fr\/index.php\/adhesion\/#breadcrumb\",\"itemListElement\":[{\"@type\":\"ListItem\",\"position\":1,\"name\":\"Home\",\"item\":\"https:\/\/suesport.fr\/\"},{\"@type\":\"ListItem\",\"position\":2,\"name\":\"Adh\\u00e9sion\"}]}]}<\/script>\n<!-- \/ Yoast SEO plugin. -->","yoast_head_json":{"title":"Adh\u00e9sion - SU Esport","description":"Nous proposons un service d'adh\u00e9sion annuelles de 5 \u20ac vous offrant plusieurs avantages. Si vous souhaitez vous investir dans la vie de l\u2019association, son fonctionnement et sa gestion, vous pouvez \u00e9galement devenir membre actif.","robots":{"index":"index","follow":"follow","max-snippet":"max-snippet:-1","max-image-preview":"max-image-preview:large","max-video-preview":"max-video-preview:-1"},"canonical":"https:\/\/suesport.fr\/index.php\/adhesion\/","og_locale":"fr_FR","og_type":"article","og_title":"Adh\u00e9sion - SU Esport","og_description":"Nous proposons un service d'adh\u00e9sion annuelles de 5 \u20ac vous offrant plusieurs avantages. Si vous souhaitez vous investir dans la vie de l\u2019association, son fonctionnement et sa gestion, vous pouvez \u00e9galement devenir membre actif.","og_url":"https:\/\/suesport.fr\/index.php\/adhesion\/","og_site_name":"SU Esport","article_modified_time":"2021-12-06T11:46:41+00:00","twitter_card":"summary_large_image","twitter_misc":{"Est. reading time":"1 minute"},"schema":{"@context":"https:\/\/schema.org","@graph":[{"@type":"WebSite","@id":"https:\/\/suesport.fr\/#website","url":"https:\/\/suesport.fr\/","name":"SU Esport","description":"Association Sorbonne Universit\u00e9 Esport","potentialAction":[{"@type":"SearchAction","target":{"@type":"EntryPoint","urlTemplate":"https:\/\/suesport.fr\/?s={search_term_string}"},"query-input":"required name=search_term_string"}],"inLanguage":"fr-FR"},{"@type":"WebPage","@id":"https:\/\/suesport.fr\/index.php\/adhesion\/#webpage","url":"https:\/\/suesport.fr\/index.php\/adhesion\/","name":"Adh\u00e9sion - SU Esport","isPartOf":{"@id":"https:\/\/suesport.fr\/#website"},"datePublished":"2021-10-17T12:08:58+00:00","dateModified":"2021-12-06T11:46:41+00:00","description":"Nous proposons un service d'adh\u00e9sion annuelles de 5 \u20ac vous offrant plusieurs avantages. Si vous souhaitez vous investir dans la vie de l\u2019association, son fonctionnement et sa gestion, vous pouvez \u00e9galement devenir membre actif.","breadcrumb":{"@id":"https:\/\/suesport.fr\/index.php\/adhesion\/#breadcrumb"},"inLanguage":"fr-FR","potentialAction":[{"@type":"ReadAction","target":["https:\/\/suesport.fr\/index.php\/adhesion\/"]}]},{"@type":"BreadcrumbList","@id":"https:\/\/suesport.fr\/index.php\/adhesion\/#breadcrumb","itemListElement":[{"@type":"ListItem","position":1,"name":"Home","item":"https:\/\/suesport.fr\/"},{"@type":"ListItem","position":2,"name":"Adh\u00e9sion"}]}]}},"_links":{"self":[{"href":"https:\/\/suesport.fr\/index.php\/wp-json\/wp\/v2\/pages\/36"}],"collection":[{"href":"https:\/\/suesport.fr\/index.php\/wp-json\/wp\/v2\/pages"}],"about":[{"href":"https:\/\/suesport.fr\/index.php\/wp-json\/wp\/v2\/types\/page"}],"author":[{"embeddable":true,"href":"https:\/\/suesport.fr\/index.php\/wp-json\/wp\/v2\/users\/1"}],"replies":[{"embeddable":true,"href":"https:\/\/suesport.fr\/index.php\/wp-json\/wp\/v2\/comments?post=36"}],"version-history":[{"count":9,"href":"https:\/\/suesport.fr\/index.php\/wp-json\/wp\/v2\/pages\/36\/revisions"}],"predecessor-version":[{"id":209,"href":"https:\/\/suesport.fr\/index.php\/wp-json\/wp\/v2\/pages\/36\/revisions\/209"}],"wp:attachment":[{"href":"https:\/\/suesport.fr\/index.php\/wp-json\/wp\/v2\/media?parent=36"}],"curies":[{"name":"wp","href":"https:\/\/api.w.org\/{rel}","templated":true}]}}