{"id":38,"date":"2021-10-17T14:09:12","date_gmt":"2021-10-17T12:09:12","guid":{"rendered":"https:\/\/suesport.fr\/?page_id=38"},"modified":"2021-12-06T13:55:33","modified_gmt":"2021-12-06T11:55:33","slug":"nos-partenariats","status":"publish","type":"page","link":"https:\/\/suesport.fr\/index.php\/nos-partenariats\/","title":{"rendered":"Nos partenariats"},"content":{"rendered":"\n<p class=\"has-black-color has-text-color\">Comme vous avez pu le voir sur nos r\u00e9seaux sociaux, notre premier partenaire n\u2019est avec nulle autre que la team VITALITY ! Cette structure esport, qui est l&rsquo;une des plus grosses d\u2019Europe et la plus importante de France, poss\u00e8de notamment un cybercaf\u00e9 au c\u0153ur de Paris, le V.Hive. Gr\u00e2ce \u00e0 ce partenariat, les membres de SU Esport profitent de divers avantages : <\/p>\n\n\n\n<ul class=\"has-black-color has-text-color\"><li>1h de jeu offerte pour toute premi\u00e8re inscription au V.Hive.<\/li><li>Tarif pr\u00e9f\u00e9rentiel de 2,5 \u20ac de l&rsquo;heure pour l&rsquo;utilisation des postes de jeu de l&rsquo;espace Cyber de V.Hive en semaine, de 18h \u00e0 20h.<\/li><li>L&rsquo;organisation au moins une fois par semestre d&rsquo;un tournoi au V.Hive avec 30 PCs, \u00e9cran g\u00e9ant, gradins, bar\/caf\u00e9 &#8230;<\/li><\/ul>\n\n\n\n<p class=\"has-black-color has-text-color\">Pour plus d\u2019infos, n\u2019h\u00e9sitez pas \u00e0 vous rendre sur le site du <a href=\"https:\/\/vitality.gg\/fr\/vhive\/\" target=\"_blank\" rel=\"noreferrer noopener\">V.Hive<\/a>.<\/p>\n\n\n\n<figure class=\"wp-block-image size-large\"><img loading=\"lazy\" width=\"1024\" height=\"576\" src=\"https:\/\/suesport.fr\/wp-content\/uploads\/2021\/11\/vita-1024x576.png\" alt=\"\" class=\"wp-image-164\" srcset=\"https:\/\/suesport.fr\/wp-content\/uploads\/2021\/11\/vita-1024x576.png 1024w, https:\/\/suesport.fr\/wp-content\/uploads\/2021\/11\/vita-300x169.png 300w, https:\/\/suesport.fr\/wp-content\/uploads\/2021\/11\/vita-768x432.png 768w, https:\/\/suesport.fr\/wp-content\/uploads\/2021\/11\/vita.png 1218w\" sizes=\"(max-width: 1024px) 100vw, 1024px\" \/><\/figure>\n","protected":false},"excerpt":{"rendered":"<p>Comme vous avez pu le voir sur nos r\u00e9seaux sociaux, notre premier partenaire n\u2019est avec nulle autre que la team VITALITY ! Cette structure esport, qui est l&rsquo;une des plus grosses d\u2019Europe et la plus importante de France, poss\u00e8de notamment un cybercaf\u00e9 au c\u0153ur de Paris, le V.Hive. Gr\u00e2ce \u00e0 ce partenariat, les membres de&hellip; <br \/> <a class=\"read-more\" href=\"https:\/\/suesport.fr\/index.php\/nos-partenariats\/\">Read more<\/a><\/p>\n","protected":false},"author":1,"featured_media":0,"parent":0,"menu_order":0,"comment_status":"closed","ping_status":"closed","template":"","meta":{"spay_email":""},"yoast_head":"<!-- This site is optimized with the Yoast SEO plugin v17.7.1 - https:\/\/yoast.com\/wordpress\/plugins\/seo\/ -->\n<title>Nos partenariats - SU Esport<\/title>\n<meta name=\"robots\" content=\"index, follow, max-snippet:-1, max-image-preview:large, max-video-preview:-1\" \/>\n<link rel=\"canonical\" href=\"https:\/\/suesport.fr\/index.php\/nos-partenariats\/\" \/>\n<meta property=\"og:locale\" content=\"fr_FR\" \/>\n<meta property=\"og:type\" content=\"article\" \/>\n<meta property=\"og:title\" content=\"Nos partenariats - SU Esport\" \/>\n<meta property=\"og:description\" content=\"Comme vous avez pu le voir sur nos r\u00e9seaux sociaux, notre premier partenaire n\u2019est avec nulle autre que la team VITALITY ! Cette structure esport, qui est l&rsquo;une des plus grosses d\u2019Europe et la plus importante de France, poss\u00e8de notamment un cybercaf\u00e9 au c\u0153ur de Paris, le V.Hive. Gr\u00e2ce \u00e0 ce partenariat, les membres de&hellip; Read more\" \/>\n<meta property=\"og:url\" content=\"https:\/\/suesport.fr\/index.php\/nos-partenariats\/\" \/>\n<meta property=\"og:site_name\" content=\"SU Esport\" \/>\n<meta property=\"article:modified_time\" content=\"2021-12-06T11:55:33+00:00\" \/>\n<meta property=\"og:image\" content=\"https:\/\/suesport.fr\/wp-content\/uploads\/2021\/11\/vita-1024x576.png\" \/>\n<meta name=\"twitter:card\" content=\"summary_large_image\" \/>\n<meta name=\"twitter:label1\" content=\"Est. reading time\" \/>\n\t<meta name=\"twitter:data1\" content=\"1 minute\" \/>\n<script type=\"application\/ld+json\" class=\"yoast-schema-graph\">{\"@context\":\"https:\/\/schema.org\",\"@graph\":[{\"@type\":\"WebSite\",\"@id\":\"https:\/\/suesport.fr\/#website\",\"url\":\"https:\/\/suesport.fr\/\",\"name\":\"SU Esport\",\"description\":\"Association Sorbonne Universit\\u00e9 Esport\",\"potentialAction\":[{\"@type\":\"SearchAction\",\"target\":{\"@type\":\"EntryPoint\",\"urlTemplate\":\"https:\/\/suesport.fr\/?s={search_term_string}\"},\"query-input\":\"required name=search_term_string\"}],\"inLanguage\":\"fr-FR\"},{\"@type\":\"ImageObject\",\"@id\":\"https:\/\/suesport.fr\/index.php\/nos-partenariats\/#primaryimage\",\"inLanguage\":\"fr-FR\",\"url\":\"https:\/\/suesport.fr\/wp-content\/uploads\/2021\/11\/vita.png\",\"contentUrl\":\"https:\/\/suesport.fr\/wp-content\/uploads\/2021\/11\/vita.png\",\"width\":1218,\"height\":685},{\"@type\":\"WebPage\",\"@id\":\"https:\/\/suesport.fr\/index.php\/nos-partenariats\/#webpage\",\"url\":\"https:\/\/suesport.fr\/index.php\/nos-partenariats\/\",\"name\":\"Nos partenariats - SU Esport\",\"isPartOf\":{\"@id\":\"https:\/\/suesport.fr\/#website\"},\"primaryImageOfPage\":{\"@id\":\"https:\/\/suesport.fr\/index.php\/nos-partenariats\/#primaryimage\"},\"datePublished\":\"2021-10-17T12:09:12+00:00\",\"dateModified\":\"2021-12-06T11:55:33+00:00\",\"breadcrumb\":{\"@id\":\"https:\/\/suesport.fr\/index.php\/nos-partenariats\/#breadcrumb\"},\"inLanguage\":\"fr-FR\",\"potentialAction\":[{\"@type\":\"ReadAction\",\"target\":[\"https:\/\/suesport.fr\/index.php\/nos-partenariats\/\"]}]},{\"@type\":\"BreadcrumbList\",\"@id\":\"https:\/\/suesport.fr\/index.php\/nos-partenariats\/#breadcrumb\",\"itemListElement\":[{\"@type\":\"ListItem\",\"position\":1,\"name\":\"Home\",\"item\":\"https:\/\/suesport.fr\/\"},{\"@type\":\"ListItem\",\"position\":2,\"name\":\"Nos partenariats\"}]}]}<\/script>\n<!-- \/ Yoast SEO plugin. -->","yoast_head_json":{"title":"Nos partenariats - SU Esport","robots":{"index":"index","follow":"follow","max-snippet":"max-snippet:-1","max-image-preview":"max-image-preview:large","max-video-preview":"max-video-preview:-1"},"canonical":"https:\/\/suesport.fr\/index.php\/nos-partenariats\/","og_locale":"fr_FR","og_type":"article","og_title":"Nos partenariats - SU Esport","og_description":"Comme vous avez pu le voir sur nos r\u00e9seaux sociaux, notre premier partenaire n\u2019est avec nulle autre que la team VITALITY ! Cette structure esport, qui est l&rsquo;une des plus grosses d\u2019Europe et la plus importante de France, poss\u00e8de notamment un cybercaf\u00e9 au c\u0153ur de Paris, le V.Hive. Gr\u00e2ce \u00e0 ce partenariat, les membres de&hellip; Read more","og_url":"https:\/\/suesport.fr\/index.php\/nos-partenariats\/","og_site_name":"SU Esport","article_modified_time":"2021-12-06T11:55:33+00:00","og_image":[{"url":"https:\/\/suesport.fr\/wp-content\/uploads\/2021\/11\/vita-1024x576.png"}],"twitter_card":"summary_large_image","twitter_misc":{"Est. reading time":"1 minute"},"schema":{"@context":"https:\/\/schema.org","@graph":[{"@type":"WebSite","@id":"https:\/\/suesport.fr\/#website","url":"https:\/\/suesport.fr\/","name":"SU Esport","description":"Association Sorbonne Universit\u00e9 Esport","potentialAction":[{"@type":"SearchAction","target":{"@type":"EntryPoint","urlTemplate":"https:\/\/suesport.fr\/?s={search_term_string}"},"query-input":"required name=search_term_string"}],"inLanguage":"fr-FR"},{"@type":"ImageObject","@id":"https:\/\/suesport.fr\/index.php\/nos-partenariats\/#primaryimage","inLanguage":"fr-FR","url":"https:\/\/suesport.fr\/wp-content\/uploads\/2021\/11\/vita.png","contentUrl":"https:\/\/suesport.fr\/wp-content\/uploads\/2021\/11\/vita.png","width":1218,"height":685},{"@type":"WebPage","@id":"https:\/\/suesport.fr\/index.php\/nos-partenariats\/#webpage","url":"https:\/\/suesport.fr\/index.php\/nos-partenariats\/","name":"Nos partenariats - SU Esport","isPartOf":{"@id":"https:\/\/suesport.fr\/#website"},"primaryImageOfPage":{"@id":"https:\/\/suesport.fr\/index.php\/nos-partenariats\/#primaryimage"},"datePublished":"2021-10-17T12:09:12+00:00","dateModified":"2021-12-06T11:55:33+00:00","breadcrumb":{"@id":"https:\/\/suesport.fr\/index.php\/nos-partenariats\/#breadcrumb"},"inLanguage":"fr-FR","potentialAction":[{"@type":"ReadAction","target":["https:\/\/suesport.fr\/index.php\/nos-partenariats\/"]}]},{"@type":"BreadcrumbList","@id":"https:\/\/suesport.fr\/index.php\/nos-partenariats\/#breadcrumb","itemListElement":[{"@type":"ListItem","position":1,"name":"Home","item":"https:\/\/suesport.fr\/"},{"@type":"ListItem","position":2,"name":"Nos partenariats"}]}]}},"_links":{"self":[{"href":"https:\/\/suesport.fr\/index.php\/wp-json\/wp\/v2\/pages\/38"}],"collection":[{"href":"https:\/\/suesport.fr\/index.php\/wp-json\/wp\/v2\/pages"}],"about":[{"href":"https:\/\/suesport.fr\/index.php\/wp-json\/wp\/v2\/types\/page"}],"author":[{"embeddable":true,"href":"https:\/\/suesport.fr\/index.php\/wp-json\/wp\/v2\/users\/1"}],"replies":[{"embeddable":true,"href":"https:\/\/suesport.fr\/index.php\/wp-json\/wp\/v2\/comments?post=38"}],"version-history":[{"count":4,"href":"https:\/\/suesport.fr\/index.php\/wp-json\/wp\/v2\/pages\/38\/revisions"}],"predecessor-version":[{"id":215,"href":"https:\/\/suesport.fr\/index.php\/wp-json\/wp\/v2\/pages\/38\/revisions\/215"}],"wp:attachment":[{"href":"https:\/\/suesport.fr\/index.php\/wp-json\/wp\/v2\/media?parent=38"}],"curies":[{"name":"wp","href":"https:\/\/api.w.org\/{rel}","templated":true}]}}