{"id":67,"date":"2021-10-18T17:51:58","date_gmt":"2021-10-18T15:51:58","guid":{"rendered":"https:\/\/suesport.fr\/?page_id=67"},"modified":"2021-12-06T13:37:38","modified_gmt":"2021-12-06T11:37:38","slug":"e-sport","status":"publish","type":"page","link":"https:\/\/suesport.fr\/index.php\/e-sport\/","title":{"rendered":"E-sport"},"content":{"rendered":"\n<p class=\"has-black-color has-text-color\">Nous souhaitons promouvoir et d\u00e9velopper l&rsquo;e-sport \u00e0 Sorbonne Universit\u00e9 et dans le milieu universitaire en g\u00e9n\u00e9ral. Pour ce faire, nous montons des \u00e9quipes semi-professionnelles et professionnelles sur plusieurs jeux tels que :<\/p>\n\n\n\n<ul class=\"has-black-color has-text-color\"><li><a href=\"https:\/\/suesport.fr\/index.php\/league-of-legends\/\" target=\"_blank\" rel=\"noreferrer noopener\"><strong>League of Legends<\/strong><\/a><\/li><li><strong><a href=\"https:\/\/suesport.fr\/index.php\/super-smash-bros-ultimate\/\" target=\"_blank\" rel=\"noreferrer noopener\">Super Smash Bros Ultimate<\/a><\/strong><\/li><\/ul>\n\n\n\n<p><\/p>\n","protected":false},"excerpt":{"rendered":"<p>Nous souhaitons promouvoir et d\u00e9velopper l&rsquo;e-sport \u00e0 Sorbonne Universit\u00e9 et dans le milieu universitaire en g\u00e9n\u00e9ral. Pour ce faire, nous montons des \u00e9quipes semi-professionnelles et professionnelles sur plusieurs jeux tels que : League of Legends Super Smash Bros Ultimate<\/p>\n","protected":false},"author":1,"featured_media":0,"parent":0,"menu_order":0,"comment_status":"closed","ping_status":"closed","template":"","meta":{"spay_email":""},"yoast_head":"<!-- This site is optimized with the Yoast SEO plugin v17.7.1 - https:\/\/yoast.com\/wordpress\/plugins\/seo\/ -->\n<title>E-sport - SU Esport<\/title>\n<meta name=\"description\" content=\"Nous souhaiter promouvoir et d\u00e9velopper l&#039;e-sport \u00e0 Sorbonne Universit\u00e9 et dans le milieu universitaire en g\u00e9n\u00e9ral.\" \/>\n<meta name=\"robots\" content=\"index, follow, max-snippet:-1, max-image-preview:large, max-video-preview:-1\" \/>\n<link rel=\"canonical\" href=\"https:\/\/suesport.fr\/index.php\/e-sport\/\" \/>\n<meta property=\"og:locale\" content=\"fr_FR\" \/>\n<meta property=\"og:type\" content=\"article\" \/>\n<meta property=\"og:title\" content=\"E-sport - SU Esport\" \/>\n<meta property=\"og:description\" content=\"Nous souhaiter promouvoir et d\u00e9velopper l&#039;e-sport \u00e0 Sorbonne Universit\u00e9 et dans le milieu universitaire en g\u00e9n\u00e9ral.\" \/>\n<meta property=\"og:url\" content=\"https:\/\/suesport.fr\/index.php\/e-sport\/\" \/>\n<meta property=\"og:site_name\" content=\"SU Esport\" \/>\n<meta property=\"article:modified_time\" content=\"2021-12-06T11:37:38+00:00\" \/>\n<meta name=\"twitter:card\" content=\"summary_large_image\" \/>\n<meta name=\"twitter:label1\" content=\"Est. reading time\" \/>\n\t<meta name=\"twitter:data1\" content=\"1 minute\" \/>\n<script type=\"application\/ld+json\" class=\"yoast-schema-graph\">{\"@context\":\"https:\/\/schema.org\",\"@graph\":[{\"@type\":\"WebSite\",\"@id\":\"https:\/\/suesport.fr\/#website\",\"url\":\"https:\/\/suesport.fr\/\",\"name\":\"SU Esport\",\"description\":\"Association Sorbonne Universit\\u00e9 Esport\",\"potentialAction\":[{\"@type\":\"SearchAction\",\"target\":{\"@type\":\"EntryPoint\",\"urlTemplate\":\"https:\/\/suesport.fr\/?s={search_term_string}\"},\"query-input\":\"required name=search_term_string\"}],\"inLanguage\":\"fr-FR\"},{\"@type\":\"WebPage\",\"@id\":\"https:\/\/suesport.fr\/index.php\/e-sport\/#webpage\",\"url\":\"https:\/\/suesport.fr\/index.php\/e-sport\/\",\"name\":\"E-sport - SU Esport\",\"isPartOf\":{\"@id\":\"https:\/\/suesport.fr\/#website\"},\"datePublished\":\"2021-10-18T15:51:58+00:00\",\"dateModified\":\"2021-12-06T11:37:38+00:00\",\"description\":\"Nous souhaiter promouvoir et d\\u00e9velopper l'e-sport \\u00e0 Sorbonne Universit\\u00e9 et dans le milieu universitaire en g\\u00e9n\\u00e9ral.\",\"breadcrumb\":{\"@id\":\"https:\/\/suesport.fr\/index.php\/e-sport\/#breadcrumb\"},\"inLanguage\":\"fr-FR\",\"potentialAction\":[{\"@type\":\"ReadAction\",\"target\":[\"https:\/\/suesport.fr\/index.php\/e-sport\/\"]}]},{\"@type\":\"BreadcrumbList\",\"@id\":\"https:\/\/suesport.fr\/index.php\/e-sport\/#breadcrumb\",\"itemListElement\":[{\"@type\":\"ListItem\",\"position\":1,\"name\":\"Home\",\"item\":\"https:\/\/suesport.fr\/\"},{\"@type\":\"ListItem\",\"position\":2,\"name\":\"E-sport\"}]}]}<\/script>\n<!-- \/ Yoast SEO plugin. -->","yoast_head_json":{"title":"E-sport - SU Esport","description":"Nous souhaiter promouvoir et d\u00e9velopper l'e-sport \u00e0 Sorbonne Universit\u00e9 et dans le milieu universitaire en g\u00e9n\u00e9ral.","robots":{"index":"index","follow":"follow","max-snippet":"max-snippet:-1","max-image-preview":"max-image-preview:large","max-video-preview":"max-video-preview:-1"},"canonical":"https:\/\/suesport.fr\/index.php\/e-sport\/","og_locale":"fr_FR","og_type":"article","og_title":"E-sport - SU Esport","og_description":"Nous souhaiter promouvoir et d\u00e9velopper l'e-sport \u00e0 Sorbonne Universit\u00e9 et dans le milieu universitaire en g\u00e9n\u00e9ral.","og_url":"https:\/\/suesport.fr\/index.php\/e-sport\/","og_site_name":"SU Esport","article_modified_time":"2021-12-06T11:37:38+00:00","twitter_card":"summary_large_image","twitter_misc":{"Est. reading time":"1 minute"},"schema":{"@context":"https:\/\/schema.org","@graph":[{"@type":"WebSite","@id":"https:\/\/suesport.fr\/#website","url":"https:\/\/suesport.fr\/","name":"SU Esport","description":"Association Sorbonne Universit\u00e9 Esport","potentialAction":[{"@type":"SearchAction","target":{"@type":"EntryPoint","urlTemplate":"https:\/\/suesport.fr\/?s={search_term_string}"},"query-input":"required name=search_term_string"}],"inLanguage":"fr-FR"},{"@type":"WebPage","@id":"https:\/\/suesport.fr\/index.php\/e-sport\/#webpage","url":"https:\/\/suesport.fr\/index.php\/e-sport\/","name":"E-sport - SU Esport","isPartOf":{"@id":"https:\/\/suesport.fr\/#website"},"datePublished":"2021-10-18T15:51:58+00:00","dateModified":"2021-12-06T11:37:38+00:00","description":"Nous souhaiter promouvoir et d\u00e9velopper l'e-sport \u00e0 Sorbonne Universit\u00e9 et dans le milieu universitaire en g\u00e9n\u00e9ral.","breadcrumb":{"@id":"https:\/\/suesport.fr\/index.php\/e-sport\/#breadcrumb"},"inLanguage":"fr-FR","potentialAction":[{"@type":"ReadAction","target":["https:\/\/suesport.fr\/index.php\/e-sport\/"]}]},{"@type":"BreadcrumbList","@id":"https:\/\/suesport.fr\/index.php\/e-sport\/#breadcrumb","itemListElement":[{"@type":"ListItem","position":1,"name":"Home","item":"https:\/\/suesport.fr\/"},{"@type":"ListItem","position":2,"name":"E-sport"}]}]}},"_links":{"self":[{"href":"https:\/\/suesport.fr\/index.php\/wp-json\/wp\/v2\/pages\/67"}],"collection":[{"href":"https:\/\/suesport.fr\/index.php\/wp-json\/wp\/v2\/pages"}],"about":[{"href":"https:\/\/suesport.fr\/index.php\/wp-json\/wp\/v2\/types\/page"}],"author":[{"embeddable":true,"href":"https:\/\/suesport.fr\/index.php\/wp-json\/wp\/v2\/users\/1"}],"replies":[{"embeddable":true,"href":"https:\/\/suesport.fr\/index.php\/wp-json\/wp\/v2\/comments?post=67"}],"version-history":[{"count":5,"href":"https:\/\/suesport.fr\/index.php\/wp-json\/wp\/v2\/pages\/67\/revisions"}],"predecessor-version":[{"id":205,"href":"https:\/\/suesport.fr\/index.php\/wp-json\/wp\/v2\/pages\/67\/revisions\/205"}],"wp:attachment":[{"href":"https:\/\/suesport.fr\/index.php\/wp-json\/wp\/v2\/media?parent=67"}],"curies":[{"name":"wp","href":"https:\/\/api.w.org\/{rel}","templated":true}]}}