{"id":75,"date":"2021-10-18T18:06:15","date_gmt":"2021-10-18T16:06:15","guid":{"rendered":"https:\/\/suesport.fr\/?page_id=75"},"modified":"2021-12-06T13:45:10","modified_gmt":"2021-12-06T11:45:10","slug":"lol-equipe","status":"publish","type":"page","link":"https:\/\/suesport.fr\/index.php\/lol-equipe\/","title":{"rendered":"LoL &#8211; Nos \u00e9quipes"},"content":{"rendered":"\n<p class=\"has-black-color has-text-color\">Nous avons, pour le moment, deux \u00e9quipes :<\/p>\n\n\n\n<p class=\"has-black-color has-text-color\"><strong><span style=\"text-decoration: underline;\" class=\"underline\">\u00c9quipe A :<\/span><\/strong><\/p>\n\n\n\n<ul class=\"has-black-color has-text-color\"><li>Top : Paul \u00ab\u00a0DONNE TON PSEUDO\u00a0\u00bb Rieunier<\/li><li>Jungler : Romain \u00ab\u00a0GTM Shyn\u00a0\u00bb Raymond<\/li><li>Mid : Gabriel \u00ab\u00a0MrDaBlue\u00a0\u00bb Benard<\/li><li>AD Carry : Hugo \u00ab\u00a0Raphinus\u00a0\u00bb Cieplucha<\/li><li>Support : Lucien \u00ab\u00a0\u03ac\u03bb\u03b1\u03c2\u00a0\u00bb Girault<\/li><\/ul>\n\n\n\n<p class=\"has-black-color has-text-color\"><strong><span style=\"text-decoration: underline;\" class=\"underline\">\u00c9quipe B :<\/span><\/strong><\/p>\n\n\n\n<ul class=\"has-black-color has-text-color\"><li>Top : Rayane \u00ab\u00a0Sworon\u00a0\u00bb Maouchi<\/li><li>Jungler : Cl\u00e9ment \u00ab\u00a0IronPiouZ\u00a0\u00bb Ren<\/li><li>Mid : Yanis \u00ab\u00a0BABY SAKEN\u00a0\u00bb Saadi Dit Saada<\/li><li>AD Carry : Madison \u00ab\u00a0Smitix\u00a0\u00bb Sun<\/li><li>Support : Augustin \u00ab\u00a010 cc\u00a0\u00bb Carteron<\/li><\/ul>\n\n\n\n<p class=\"has-black-color has-text-color\">Les deux \u00e9quipes sont coach\u00e9es par : Sylvain \u00ab\u00a0bLiiinnd\u00a0\u00bb Xia<\/p>\n","protected":false},"excerpt":{"rendered":"<p>Nous avons, pour le moment, deux \u00e9quipes : \u00c9quipe A : Top : Paul \u00ab\u00a0DONNE TON PSEUDO\u00a0\u00bb Rieunier Jungler : Romain \u00ab\u00a0GTM Shyn\u00a0\u00bb Raymond Mid : Gabriel \u00ab\u00a0MrDaBlue\u00a0\u00bb Benard AD Carry : Hugo \u00ab\u00a0Raphinus\u00a0\u00bb Cieplucha Support : Lucien \u00ab\u00a0\u03ac\u03bb\u03b1\u03c2\u00a0\u00bb Girault \u00c9quipe B : Top : Rayane \u00ab\u00a0Sworon\u00a0\u00bb Maouchi Jungler : Cl\u00e9ment \u00ab\u00a0IronPiouZ\u00a0\u00bb Ren Mid :&hellip; <br \/> <a class=\"read-more\" href=\"https:\/\/suesport.fr\/index.php\/lol-equipe\/\">Read more<\/a><\/p>\n","protected":false},"author":1,"featured_media":0,"parent":0,"menu_order":0,"comment_status":"closed","ping_status":"closed","template":"","meta":{"spay_email":""},"yoast_head":"<!-- This site is optimized with the Yoast SEO plugin v17.7.1 - https:\/\/yoast.com\/wordpress\/plugins\/seo\/ -->\n<title>LoL - Nos \u00e9quipes - SU Esport<\/title>\n<meta name=\"robots\" content=\"index, follow, max-snippet:-1, max-image-preview:large, max-video-preview:-1\" \/>\n<link rel=\"canonical\" href=\"https:\/\/suesport.fr\/index.php\/lol-equipe\/\" \/>\n<meta property=\"og:locale\" content=\"fr_FR\" \/>\n<meta property=\"og:type\" content=\"article\" \/>\n<meta property=\"og:title\" content=\"LoL - Nos \u00e9quipes - SU Esport\" \/>\n<meta property=\"og:description\" content=\"Nous avons, pour le moment, deux \u00e9quipes : \u00c9quipe A : Top : Paul \u00ab\u00a0DONNE TON PSEUDO\u00a0\u00bb Rieunier Jungler : Romain \u00ab\u00a0GTM Shyn\u00a0\u00bb Raymond Mid : Gabriel \u00ab\u00a0MrDaBlue\u00a0\u00bb Benard AD Carry : Hugo \u00ab\u00a0Raphinus\u00a0\u00bb Cieplucha Support : Lucien \u00ab\u00a0\u03ac\u03bb\u03b1\u03c2\u00a0\u00bb Girault \u00c9quipe B : Top : Rayane \u00ab\u00a0Sworon\u00a0\u00bb Maouchi Jungler : Cl\u00e9ment \u00ab\u00a0IronPiouZ\u00a0\u00bb Ren Mid :&hellip; Read more\" \/>\n<meta property=\"og:url\" content=\"https:\/\/suesport.fr\/index.php\/lol-equipe\/\" \/>\n<meta property=\"og:site_name\" content=\"SU Esport\" \/>\n<meta property=\"article:modified_time\" content=\"2021-12-06T11:45:10+00:00\" \/>\n<meta name=\"twitter:card\" content=\"summary_large_image\" \/>\n<meta name=\"twitter:label1\" content=\"Est. reading time\" \/>\n\t<meta name=\"twitter:data1\" content=\"1 minute\" \/>\n<script type=\"application\/ld+json\" class=\"yoast-schema-graph\">{\"@context\":\"https:\/\/schema.org\",\"@graph\":[{\"@type\":\"WebSite\",\"@id\":\"https:\/\/suesport.fr\/#website\",\"url\":\"https:\/\/suesport.fr\/\",\"name\":\"SU Esport\",\"description\":\"Association Sorbonne Universit\\u00e9 Esport\",\"potentialAction\":[{\"@type\":\"SearchAction\",\"target\":{\"@type\":\"EntryPoint\",\"urlTemplate\":\"https:\/\/suesport.fr\/?s={search_term_string}\"},\"query-input\":\"required name=search_term_string\"}],\"inLanguage\":\"fr-FR\"},{\"@type\":\"WebPage\",\"@id\":\"https:\/\/suesport.fr\/index.php\/lol-equipe\/#webpage\",\"url\":\"https:\/\/suesport.fr\/index.php\/lol-equipe\/\",\"name\":\"LoL - Nos \\u00e9quipes - SU Esport\",\"isPartOf\":{\"@id\":\"https:\/\/suesport.fr\/#website\"},\"datePublished\":\"2021-10-18T16:06:15+00:00\",\"dateModified\":\"2021-12-06T11:45:10+00:00\",\"breadcrumb\":{\"@id\":\"https:\/\/suesport.fr\/index.php\/lol-equipe\/#breadcrumb\"},\"inLanguage\":\"fr-FR\",\"potentialAction\":[{\"@type\":\"ReadAction\",\"target\":[\"https:\/\/suesport.fr\/index.php\/lol-equipe\/\"]}]},{\"@type\":\"BreadcrumbList\",\"@id\":\"https:\/\/suesport.fr\/index.php\/lol-equipe\/#breadcrumb\",\"itemListElement\":[{\"@type\":\"ListItem\",\"position\":1,\"name\":\"Home\",\"item\":\"https:\/\/suesport.fr\/\"},{\"@type\":\"ListItem\",\"position\":2,\"name\":\"LoL &#8211; Nos \\u00e9quipes\"}]}]}<\/script>\n<!-- \/ Yoast SEO plugin. -->","yoast_head_json":{"title":"LoL - Nos \u00e9quipes - SU Esport","robots":{"index":"index","follow":"follow","max-snippet":"max-snippet:-1","max-image-preview":"max-image-preview:large","max-video-preview":"max-video-preview:-1"},"canonical":"https:\/\/suesport.fr\/index.php\/lol-equipe\/","og_locale":"fr_FR","og_type":"article","og_title":"LoL - Nos \u00e9quipes - SU Esport","og_description":"Nous avons, pour le moment, deux \u00e9quipes : \u00c9quipe A : Top : Paul \u00ab\u00a0DONNE TON PSEUDO\u00a0\u00bb Rieunier Jungler : Romain \u00ab\u00a0GTM Shyn\u00a0\u00bb Raymond Mid : Gabriel \u00ab\u00a0MrDaBlue\u00a0\u00bb Benard AD Carry : Hugo \u00ab\u00a0Raphinus\u00a0\u00bb Cieplucha Support : Lucien \u00ab\u00a0\u03ac\u03bb\u03b1\u03c2\u00a0\u00bb Girault \u00c9quipe B : Top : Rayane \u00ab\u00a0Sworon\u00a0\u00bb Maouchi Jungler : Cl\u00e9ment \u00ab\u00a0IronPiouZ\u00a0\u00bb Ren Mid :&hellip; Read more","og_url":"https:\/\/suesport.fr\/index.php\/lol-equipe\/","og_site_name":"SU Esport","article_modified_time":"2021-12-06T11:45:10+00:00","twitter_card":"summary_large_image","twitter_misc":{"Est. reading time":"1 minute"},"schema":{"@context":"https:\/\/schema.org","@graph":[{"@type":"WebSite","@id":"https:\/\/suesport.fr\/#website","url":"https:\/\/suesport.fr\/","name":"SU Esport","description":"Association Sorbonne Universit\u00e9 Esport","potentialAction":[{"@type":"SearchAction","target":{"@type":"EntryPoint","urlTemplate":"https:\/\/suesport.fr\/?s={search_term_string}"},"query-input":"required name=search_term_string"}],"inLanguage":"fr-FR"},{"@type":"WebPage","@id":"https:\/\/suesport.fr\/index.php\/lol-equipe\/#webpage","url":"https:\/\/suesport.fr\/index.php\/lol-equipe\/","name":"LoL - Nos \u00e9quipes - SU Esport","isPartOf":{"@id":"https:\/\/suesport.fr\/#website"},"datePublished":"2021-10-18T16:06:15+00:00","dateModified":"2021-12-06T11:45:10+00:00","breadcrumb":{"@id":"https:\/\/suesport.fr\/index.php\/lol-equipe\/#breadcrumb"},"inLanguage":"fr-FR","potentialAction":[{"@type":"ReadAction","target":["https:\/\/suesport.fr\/index.php\/lol-equipe\/"]}]},{"@type":"BreadcrumbList","@id":"https:\/\/suesport.fr\/index.php\/lol-equipe\/#breadcrumb","itemListElement":[{"@type":"ListItem","position":1,"name":"Home","item":"https:\/\/suesport.fr\/"},{"@type":"ListItem","position":2,"name":"LoL &#8211; Nos \u00e9quipes"}]}]}},"_links":{"self":[{"href":"https:\/\/suesport.fr\/index.php\/wp-json\/wp\/v2\/pages\/75"}],"collection":[{"href":"https:\/\/suesport.fr\/index.php\/wp-json\/wp\/v2\/pages"}],"about":[{"href":"https:\/\/suesport.fr\/index.php\/wp-json\/wp\/v2\/types\/page"}],"author":[{"embeddable":true,"href":"https:\/\/suesport.fr\/index.php\/wp-json\/wp\/v2\/users\/1"}],"replies":[{"embeddable":true,"href":"https:\/\/suesport.fr\/index.php\/wp-json\/wp\/v2\/comments?post=75"}],"version-history":[{"count":7,"href":"https:\/\/suesport.fr\/index.php\/wp-json\/wp\/v2\/pages\/75\/revisions"}],"predecessor-version":[{"id":208,"href":"https:\/\/suesport.fr\/index.php\/wp-json\/wp\/v2\/pages\/75\/revisions\/208"}],"wp:attachment":[{"href":"https:\/\/suesport.fr\/index.php\/wp-json\/wp\/v2\/media?parent=75"}],"curies":[{"name":"wp","href":"https:\/\/api.w.org\/{rel}","templated":true}]}}